{"id":327,"date":"2022-01-09T16:01:02","date_gmt":"2022-01-09T16:01:02","guid":{"rendered":"https:\/\/morazan.org\/blog\/"},"modified":"2026-03-18T18:03:39","modified_gmt":"2026-03-18T18:03:39","slug":"blog","status":"publish","type":"page","link":"https:\/\/morazan.org\/de\/blog\/","title":{"rendered":"Blog"},"content":{"rendered":"<div data-elementor-type=\"wp-page\" data-elementor-id=\"327\" class=\"elementor elementor-327\" data-elementor-post-type=\"page\">\n\t\t\t\t\t\t<section class=\"elementor-section elementor-top-section elementor-element elementor-element-e54d050 elementor-section-boxed elementor-section-height-default elementor-section-height-default\" data-id=\"e54d050\" data-element_type=\"section\" data-e-type=\"section\">\n\t\t\t\t\t\t<div class=\"elementor-container elementor-column-gap-default\">\n\t\t\t\t\t<div class=\"elementor-column elementor-col-100 elementor-top-column elementor-element elementor-element-55a08a9\" data-id=\"55a08a9\" data-element_type=\"column\" data-e-type=\"column\">\n\t\t\t<div class=\"elementor-widget-wrap elementor-element-populated\">\n\t\t\t\t\t\t<div class=\"elementor-element elementor-element-bcd2c1c elementor-nav-menu--dropdown-tablet elementor-nav-menu__text-align-aside elementor-nav-menu--toggle elementor-nav-menu--burger elementor-widget elementor-widget-nav-menu\" data-id=\"bcd2c1c\" data-element_type=\"widget\" data-e-type=\"widget\" data-settings=\"{&quot;layout&quot;:&quot;horizontal&quot;,&quot;submenu_icon&quot;:{&quot;value&quot;:&quot;&lt;i class=\\&quot;fas fa-caret-down\\&quot; aria-hidden=\\&quot;true\\&quot;&gt;&lt;\\\/i&gt;&quot;,&quot;library&quot;:&quot;fa-solid&quot;},&quot;toggle&quot;:&quot;burger&quot;}\" data-widget_type=\"nav-menu.default\">\n\t\t\t\t<div class=\"elementor-widget-container\">\n\t\t\t\t\t\t\t\t<nav aria-label=\"Menu\" class=\"elementor-nav-menu--main elementor-nav-menu__container elementor-nav-menu--layout-horizontal e--pointer-underline e--animation-fade\">\n\t\t\t\t<ul id=\"menu-1-bcd2c1c\" class=\"elementor-nav-menu\"><li class=\"menu-item menu-item-type-taxonomy menu-item-object-category menu-item-170\"><a href=\"https:\/\/morazan.org\/de\/category\/sociedad\/\" class=\"elementor-item\">Soziales<\/a><\/li>\n<li class=\"menu-item menu-item-type-taxonomy menu-item-object-category menu-item-174\"><a href=\"https:\/\/morazan.org\/de\/category\/economia\/\" class=\"elementor-item\">Wirtschaft<\/a><\/li>\n<li class=\"menu-item menu-item-type-taxonomy menu-item-object-category menu-item-169\"><a href=\"https:\/\/morazan.org\/de\/category\/ecologia\/\" class=\"elementor-item\">Umwelt<\/a><\/li>\n<li class=\"menu-item menu-item-type-taxonomy menu-item-object-category menu-item-172\"><a href=\"https:\/\/morazan.org\/de\/category\/transformacion\/\" class=\"elementor-item\">Transformation<\/a><\/li>\n<li class=\"menu-item menu-item-type-taxonomy menu-item-object-category menu-item-173\"><a href=\"https:\/\/morazan.org\/de\/category\/vino-tango\/\" class=\"elementor-item\">Wein &amp; Tango<\/a><\/li>\n<li class=\"menu-item menu-item-type-taxonomy menu-item-object-category menu-item-171\"><a href=\"https:\/\/morazan.org\/de\/category\/invitados\/\" class=\"elementor-item\">Gastbeitr\u00e4ge<\/a><\/li>\n<\/ul>\t\t\t<\/nav>\n\t\t\t\t\t<div class=\"elementor-menu-toggle\" role=\"button\" tabindex=\"0\" aria-label=\"Men\u00fc Umschalter\" aria-expanded=\"false\">\n\t\t\t<i aria-hidden=\"true\" role=\"presentation\" class=\"elementor-menu-toggle__icon--open eicon-menu-bar\"><\/i><i aria-hidden=\"true\" role=\"presentation\" class=\"elementor-menu-toggle__icon--close eicon-close\"><\/i>\t\t<\/div>\n\t\t\t\t\t<nav class=\"elementor-nav-menu--dropdown elementor-nav-menu__container\" aria-hidden=\"true\">\n\t\t\t\t<ul id=\"menu-2-bcd2c1c\" class=\"elementor-nav-menu\"><li class=\"menu-item menu-item-type-taxonomy menu-item-object-category menu-item-170\"><a href=\"https:\/\/morazan.org\/de\/category\/sociedad\/\" class=\"elementor-item\" tabindex=\"-1\">Soziales<\/a><\/li>\n<li class=\"menu-item menu-item-type-taxonomy menu-item-object-category menu-item-174\"><a href=\"https:\/\/morazan.org\/de\/category\/economia\/\" class=\"elementor-item\" tabindex=\"-1\">Wirtschaft<\/a><\/li>\n<li class=\"menu-item menu-item-type-taxonomy menu-item-object-category menu-item-169\"><a href=\"https:\/\/morazan.org\/de\/category\/ecologia\/\" class=\"elementor-item\" tabindex=\"-1\">Umwelt<\/a><\/li>\n<li class=\"menu-item menu-item-type-taxonomy menu-item-object-category menu-item-172\"><a href=\"https:\/\/morazan.org\/de\/category\/transformacion\/\" class=\"elementor-item\" tabindex=\"-1\">Transformation<\/a><\/li>\n<li class=\"menu-item menu-item-type-taxonomy menu-item-object-category menu-item-173\"><a href=\"https:\/\/morazan.org\/de\/category\/vino-tango\/\" class=\"elementor-item\" tabindex=\"-1\">Wein &amp; Tango<\/a><\/li>\n<li class=\"menu-item menu-item-type-taxonomy menu-item-object-category menu-item-171\"><a href=\"https:\/\/morazan.org\/de\/category\/invitados\/\" class=\"elementor-item\" tabindex=\"-1\">Gastbeitr\u00e4ge<\/a><\/li>\n<\/ul>\t\t\t<\/nav>\n\t\t\t\t\t\t<\/div>\n\t\t\t\t<\/div>\n\t\t\t\t<div class=\"elementor-element elementor-element-be32cac elementor-widget elementor-widget-image\" data-id=\"be32cac\" data-element_type=\"widget\" data-e-type=\"widget\" data-widget_type=\"image.default\">\n\t\t\t\t<div class=\"elementor-widget-container\">\n\t\t\t\t\t\t\t\t\t\t\t\t\t\t\t<img fetchpriority=\"high\" decoding=\"async\" width=\"570\" height=\"255\" src=\"https:\/\/morazan.org\/wp-content\/uploads\/2026\/03\/Ivan_Cepeda-570x255-1.jpg\" class=\"attachment-large size-large wp-image-12528\" alt=\"\" srcset=\"https:\/\/morazan.org\/wp-content\/uploads\/2026\/03\/Ivan_Cepeda-570x255-1.jpg 570w, https:\/\/morazan.org\/wp-content\/uploads\/2026\/03\/Ivan_Cepeda-570x255-1-300x134.jpg 300w, https:\/\/morazan.org\/wp-content\/uploads\/2026\/03\/Ivan_Cepeda-570x255-1-18x8.jpg 18w\" sizes=\"(max-width: 570px) 100vw, 570px\" \/>\t\t\t\t\t\t\t\t\t\t\t\t\t\t\t<\/div>\n\t\t\t\t<\/div>\n\t\t\t\t<div class=\"elementor-element elementor-element-d10942c elementor-grid-1 elementor-grid-tablet-2 elementor-grid-mobile-1 elementor-posts--thumbnail-top elementor-card-shadow-yes elementor-posts__hover-gradient elementor-widget elementor-widget-posts\" data-id=\"d10942c\" data-element_type=\"widget\" data-e-type=\"widget\" data-settings=\"{&quot;pagination_type&quot;:&quot;numbers&quot;,&quot;cards_columns&quot;:&quot;1&quot;,&quot;cards_columns_tablet&quot;:&quot;2&quot;,&quot;cards_columns_mobile&quot;:&quot;1&quot;,&quot;cards_row_gap&quot;:{&quot;unit&quot;:&quot;px&quot;,&quot;size&quot;:35,&quot;sizes&quot;:[]},&quot;cards_row_gap_tablet&quot;:{&quot;unit&quot;:&quot;px&quot;,&quot;size&quot;:&quot;&quot;,&quot;sizes&quot;:[]},&quot;cards_row_gap_mobile&quot;:{&quot;unit&quot;:&quot;px&quot;,&quot;size&quot;:&quot;&quot;,&quot;sizes&quot;:[]}}\" data-widget_type=\"posts.cards\">\n\t\t\t\t<div class=\"elementor-widget-container\">\n\t\t\t\t\t\t\t<div class=\"elementor-posts-container elementor-posts elementor-posts--skin-cards elementor-grid\" role=\"list\">\n\t\t\t\t<article class=\"elementor-post elementor-grid-item post-12495 post type-post status-publish format-standard hentry category-invitados\" role=\"listitem\">\n\t\t\t<div class=\"elementor-post__card\">\n\t\t\t\t<div class=\"elementor-post__text\">\n\t\t\t\t<h3 class=\"elementor-post__title\">\n\t\t\t<a href=\"https:\/\/morazan.org\/de\/kolumbien-am-scheideweg-parlaments-und-prasidentschaftswahlen-im-jahr-2026\/\" >\n\t\t\t\tKolumbien am Scheideweg: Parlaments- und Pr\u00e4sidentschaftswahlen im Jahr 2026.\t\t\t<\/a>\n\t\t<\/h3>\n\t\t\t\t<div class=\"elementor-post__excerpt\">\n\t\t\t<p>Kolumbien am Scheideweg: Hat die Linke in Lateinamerika noch eine Chance? Parlaments- und Pr\u00e4sidentschaftswahlen im Jahr 2026 Ricardo C\u00e1rdenas, M\u00e4rz 17, 2026 Kolumbien hat ein<\/p>\n\t\t<\/div>\n\t\t\n\t\t<a class=\"elementor-post__read-more\" href=\"https:\/\/morazan.org\/de\/kolumbien-am-scheideweg-parlaments-und-prasidentschaftswahlen-im-jahr-2026\/\" aria-label=\"Mehr \u00fcber Kolumbien am Scheideweg: Parlaments- und Pr\u00e4sidentschaftswahlen im Jahr 2026.\" tabindex=\"-1\" >\n\t\t\tLeer m\u00e1s \u00bb\t\t<\/a>\n\n\t\t\t\t<\/div>\n\t\t\t\t<div class=\"elementor-post__meta-data\">\n\t\t\t\t\t<span class=\"elementor-post-author\">\n\t\t\tPedro Morazan\t\t<\/span>\n\t\t\t\t<span class=\"elementor-post-date\">\n\t\t\tM\u00e4rz 18, 2026\t\t<\/span>\n\t\t\t\t<\/div>\n\t\t\t\t\t<\/div>\n\t\t<\/article>\n\t\t\t\t<article class=\"elementor-post elementor-grid-item post-12435 post type-post status-publish format-standard has-post-thumbnail hentry category-invitados\" role=\"listitem\">\n\t\t\t<div class=\"elementor-post__card\">\n\t\t\t\t<a class=\"elementor-post__thumbnail__link\" href=\"https:\/\/morazan.org\/de\/internationale-zusammenarbeit-mit-brasilien-uberlegungen-zur-agrar-und-umweltpolitischen-kooperation\/\" tabindex=\"-1\" ><div class=\"elementor-post__thumbnail\"><img decoding=\"async\" width=\"300\" height=\"134\" src=\"https:\/\/morazan.org\/wp-content\/uploads\/2025\/08\/Rinder-Wenderson-Araujo-570x255-1-300x134.jpg\" class=\"attachment-medium size-medium wp-image-12468\" alt=\"\" srcset=\"https:\/\/morazan.org\/wp-content\/uploads\/2025\/08\/Rinder-Wenderson-Araujo-570x255-1-300x134.jpg 300w, https:\/\/morazan.org\/wp-content\/uploads\/2025\/08\/Rinder-Wenderson-Araujo-570x255-1-18x8.jpg 18w, https:\/\/morazan.org\/wp-content\/uploads\/2025\/08\/Rinder-Wenderson-Araujo-570x255-1.jpg 570w\" sizes=\"(max-width: 300px) 100vw, 300px\" \/><\/div><\/a>\n\t\t\t\t<div class=\"elementor-post__badge\">Gastbeitr\u00e4ge<\/div>\n\t\t\t\t<div class=\"elementor-post__text\">\n\t\t\t\t<h3 class=\"elementor-post__title\">\n\t\t\t<a href=\"https:\/\/morazan.org\/de\/internationale-zusammenarbeit-mit-brasilien-uberlegungen-zur-agrar-und-umweltpolitischen-kooperation\/\" >\n\t\t\t\tInternationale Zusammenarbeit mit Brasilien: \u00dcberlegungen zur Agrar- und umweltpolitische Kooperation\t\t\t<\/a>\n\t\t<\/h3>\n\t\t\t\t<div class=\"elementor-post__excerpt\">\n\t\t\t<p>\u00a9 Ingo Melchers. 26.08.2025<\/p>\n<p>\u00a9 Ingo Melchers. 26.08.2025\nF\u00fcr 2025 wurde der Haushalt des BMZ um eine Milliarde Euro gek\u00fcrzt. Es bedarf keiner seherischen F\u00e4higkeiten, um f\u00fcr die n\u00e4chsten Jahre stagnierende oder weiter sinkende Mittelans\u00e4tze zu prognostizieren. Weniger Mittel sollten aber nicht mit einem verminderten, sondern einem ver\u00e4nderten Ambitionsniveau einhergehen. \u00dcber das Handlungsfeld Agrar- und Umweltpolitik in der Entwicklungszusammenarbeit mit Brasilien sollte neu nachgedacht werden.<\/p>\n\t\t<\/div>\n\t\t\n\t\t<a class=\"elementor-post__read-more\" href=\"https:\/\/morazan.org\/de\/internationale-zusammenarbeit-mit-brasilien-uberlegungen-zur-agrar-und-umweltpolitischen-kooperation\/\" aria-label=\"Mehr \u00fcber Cooperaci\u00f3n internacional con Brasil: Consideraciones sobre la cooperaci\u00f3n en pol\u00edtica agr\u00edcola y ambiental\" tabindex=\"-1\" >\n\t\t\tLeer m\u00e1s \u00bb\t\t<\/a>\n\n\t\t\t\t<\/div>\n\t\t\t\t<div class=\"elementor-post__meta-data\">\n\t\t\t\t\t<span class=\"elementor-post-author\">\n\t\t\tPedro Morazan\t\t<\/span>\n\t\t\t\t<span class=\"elementor-post-date\">\n\t\t\tAugust 30, 2025\t\t<\/span>\n\t\t\t\t<\/div>\n\t\t\t\t\t<\/div>\n\t\t<\/article>\n\t\t\t\t<article class=\"elementor-post elementor-grid-item post-12419 post type-post status-publish format-standard has-post-thumbnail hentry category-economia\" role=\"listitem\">\n\t\t\t<div class=\"elementor-post__card\">\n\t\t\t\t<a class=\"elementor-post__thumbnail__link\" href=\"https:\/\/morazan.org\/de\/los-bastardos-de-hayek\/\" tabindex=\"-1\" ><div class=\"elementor-post__thumbnail\"><img decoding=\"async\" width=\"300\" height=\"200\" src=\"https:\/\/morazan.org\/wp-content\/uploads\/2025\/07\/MuskMilei-300x200.webp\" class=\"attachment-medium size-medium wp-image-12422\" alt=\"Elon Musk sostiene una motosierra mientras estrecha la mano del presidente argentino Javier Milei en la Conferencia de Acci\u00f3n Pol\u00edtica Conservadora en Oxon Hill, Maryland, el 20 de febrero de 2025.\" srcset=\"https:\/\/morazan.org\/wp-content\/uploads\/2025\/07\/MuskMilei-300x200.webp 300w, https:\/\/morazan.org\/wp-content\/uploads\/2025\/07\/MuskMilei-768x512.webp 768w, https:\/\/morazan.org\/wp-content\/uploads\/2025\/07\/MuskMilei-18x12.webp 18w, https:\/\/morazan.org\/wp-content\/uploads\/2025\/07\/MuskMilei.webp 1024w\" sizes=\"(max-width: 300px) 100vw, 300px\" \/><\/div><\/a>\n\t\t\t\t<div class=\"elementor-post__badge\">Wirtschaft<\/div>\n\t\t\t\t<div class=\"elementor-post__text\">\n\t\t\t\t<h3 class=\"elementor-post__title\">\n\t\t\t<a href=\"https:\/\/morazan.org\/de\/los-bastardos-de-hayek\/\" >\n\t\t\t\tLos bastardos de Hayek\t\t\t<\/a>\n\t\t<\/h3>\n\t\t\t\t<div class=\"elementor-post__excerpt\">\n\t\t\t<p>\u00a9 Pedro Moraz\u00e1n, 12.07.2025<\/p>\n<p>He aqu\u00ed una peque\u00f1a rese\u00f1a del \u00faltimo libro del historiador Quinn Slobodian, bajo el t\u00edtulo \u00abHayek&#8217;s Bastards\u00bb (Los bastardos de Hayek), en el que reflexiona sobre el origen de la ira cultural de la derecha obscurantista. Asistimos a una suerte de guerra cultural al interior de la corriente liberal que Slobodian trata de poner ante el caleidoscopio de las ideas econ\u00f3micas de esta corriente del pensamiento, que tiene como mentor al economista austr\u00edaco Friedrich Hayek. <\/p>\n\t\t<\/div>\n\t\t\n\t\t<a class=\"elementor-post__read-more\" href=\"https:\/\/morazan.org\/de\/los-bastardos-de-hayek\/\" aria-label=\"Mehr \u00fcber Los bastardos de Hayek\" tabindex=\"-1\" >\n\t\t\tLeer m\u00e1s \u00bb\t\t<\/a>\n\n\t\t\t\t<\/div>\n\t\t\t\t<div class=\"elementor-post__meta-data\">\n\t\t\t\t\t<span class=\"elementor-post-author\">\n\t\t\tPedro Morazan\t\t<\/span>\n\t\t\t\t<span class=\"elementor-post-date\">\n\t\t\tJuli 12, 2025\t\t<\/span>\n\t\t\t\t<\/div>\n\t\t\t\t\t<\/div>\n\t\t<\/article>\n\t\t\t\t<article class=\"elementor-post elementor-grid-item post-12277 post type-post status-publish format-standard has-post-thumbnail hentry category-vino-tango\" role=\"listitem\">\n\t\t\t<div class=\"elementor-post__card\">\n\t\t\t\t<a class=\"elementor-post__thumbnail__link\" href=\"https:\/\/morazan.org\/de\/peru-y-su-vino\/\" tabindex=\"-1\" ><div class=\"elementor-post__thumbnail\"><img loading=\"lazy\" decoding=\"async\" width=\"300\" height=\"225\" src=\"https:\/\/morazan.org\/wp-content\/uploads\/2025\/04\/Peru-Vino-1-300x225.jpg\" class=\"attachment-medium size-medium wp-image-12287\" alt=\"\" srcset=\"https:\/\/morazan.org\/wp-content\/uploads\/2025\/04\/Peru-Vino-1-300x225.jpg 300w, https:\/\/morazan.org\/wp-content\/uploads\/2025\/04\/Peru-Vino-1-1024x768.jpg 1024w, https:\/\/morazan.org\/wp-content\/uploads\/2025\/04\/Peru-Vino-1-768x576.jpg 768w, https:\/\/morazan.org\/wp-content\/uploads\/2025\/04\/Peru-Vino-1-1536x1152.jpg 1536w, https:\/\/morazan.org\/wp-content\/uploads\/2025\/04\/Peru-Vino-1-16x12.jpg 16w, https:\/\/morazan.org\/wp-content\/uploads\/2025\/04\/Peru-Vino-1.jpg 1600w\" sizes=\"(max-width: 300px) 100vw, 300px\" \/><\/div><\/a>\n\t\t\t\t<div class=\"elementor-post__badge\">Wein &amp; Tango<\/div>\n\t\t\t\t<div class=\"elementor-post__text\">\n\t\t\t\t<h3 class=\"elementor-post__title\">\n\t\t\t<a href=\"https:\/\/morazan.org\/de\/peru-y-su-vino\/\" >\n\t\t\t\tPeru y su vino\t\t\t<\/a>\n\t\t<\/h3>\n\t\t\t\t<div class=\"elementor-post__excerpt\">\n\t\t\t<p>\u00a9 Pedro Moraz\u00e1n, 30.04.2025<br \/>\nEste retorno a Per\u00fa, tierra de los Incas, ha estado marcado por un recorrido por las tierras del sur. Para llegar a Per\u00fa, hay que entrar siempre por Lima. Por la bulliciosa y desmembrante Lima. Para descubrir sus vinos es necesario y obligatorio llegar a Ica, m\u00e1s que a Arequipa. Para poder emitir un juicio sobre el vino peruano, no es suficiente hablar de sus cepas y sus suelos, sino tambi\u00e9n de la gente que cultiva sus uvas y nos brinda sus frutas y verduras, es decir hablar del terru\u00f1o.<\/p>\n\t\t<\/div>\n\t\t\n\t\t<a class=\"elementor-post__read-more\" href=\"https:\/\/morazan.org\/de\/peru-y-su-vino\/\" aria-label=\"Mehr \u00fcber Peru y su vino\" tabindex=\"-1\" >\n\t\t\tLeer m\u00e1s \u00bb\t\t<\/a>\n\n\t\t\t\t<\/div>\n\t\t\t\t<div class=\"elementor-post__meta-data\">\n\t\t\t\t\t<span class=\"elementor-post-author\">\n\t\t\tPedro Morazan\t\t<\/span>\n\t\t\t\t<span class=\"elementor-post-date\">\n\t\t\tApril 30, 2025\t\t<\/span>\n\t\t\t\t<\/div>\n\t\t\t\t\t<\/div>\n\t\t<\/article>\n\t\t\t\t<article class=\"elementor-post elementor-grid-item post-12179 post type-post status-publish format-standard has-post-thumbnail hentry category-vino-tango\" role=\"listitem\">\n\t\t\t<div class=\"elementor-post__card\">\n\t\t\t\t<a class=\"elementor-post__thumbnail__link\" href=\"https:\/\/morazan.org\/de\/mario-vargas-llosa-un-pez-magistral\/\" tabindex=\"-1\" ><div class=\"elementor-post__thumbnail\"><img loading=\"lazy\" decoding=\"async\" width=\"300\" height=\"193\" src=\"https:\/\/morazan.org\/wp-content\/uploads\/2025\/04\/Mario-Vargas-Llosa-300x193.jpg\" class=\"attachment-medium size-medium wp-image-12191\" alt=\"\" srcset=\"https:\/\/morazan.org\/wp-content\/uploads\/2025\/04\/Mario-Vargas-Llosa-300x193.jpg 300w, https:\/\/morazan.org\/wp-content\/uploads\/2025\/04\/Mario-Vargas-Llosa-1024x657.jpg 1024w, https:\/\/morazan.org\/wp-content\/uploads\/2025\/04\/Mario-Vargas-Llosa-768x493.jpg 768w, https:\/\/morazan.org\/wp-content\/uploads\/2025\/04\/Mario-Vargas-Llosa-18x12.jpg 18w, https:\/\/morazan.org\/wp-content\/uploads\/2025\/04\/Mario-Vargas-Llosa.jpg 1089w\" sizes=\"(max-width: 300px) 100vw, 300px\" \/><\/div><\/a>\n\t\t\t\t<div class=\"elementor-post__badge\">Wein &amp; Tango<\/div>\n\t\t\t\t<div class=\"elementor-post__text\">\n\t\t\t\t<h3 class=\"elementor-post__title\">\n\t\t\t<a href=\"https:\/\/morazan.org\/de\/mario-vargas-llosa-un-pez-magistral\/\" >\n\t\t\t\tMario Vargas Llosa, ein Meisterfisch\t\t\t<\/a>\n\t\t<\/h3>\n\t\t\t\t<div class=\"elementor-post__excerpt\">\n\t\t\t<p>\u00a9 Pedro Moraz\u00e1n, 21.04.2025<br \/>\nDer Tod eines gro\u00dfen Literaten hinterl\u00e4sst immer eine gewisse L\u00fccke. F\u00fcr die engsten Angeh\u00f6rigen ist es besonders schmerzhaft zu wissen, dass mit dem Herzstillstand alles vorbei ist. Im Falle eines Philosophen oder gro\u00dfen Schriftstellers wie Mario Vargas Llosa (MVL) ist die erzeugte Leere eher umst\u00e4ndlich, aber dialektisch, da die ber\u00fchmte Beziehung zwischen \u201eSein und Nichts\u201c, die von Martin Heidegger formuliert und von Sartre meisterhaft thematisiert wurde, einen anderen Charakter, einen anderen Umstand annimmt.<\/p>\n\t\t<\/div>\n\t\t\n\t\t<a class=\"elementor-post__read-more\" href=\"https:\/\/morazan.org\/de\/mario-vargas-llosa-un-pez-magistral\/\" aria-label=\"Mehr \u00fcber Mario Vargas Llosa, un pez magistral\" tabindex=\"-1\" >\n\t\t\tLeer m\u00e1s \u00bb\t\t<\/a>\n\n\t\t\t\t<\/div>\n\t\t\t\t<div class=\"elementor-post__meta-data\">\n\t\t\t\t\t<span class=\"elementor-post-author\">\n\t\t\tPedro Morazan\t\t<\/span>\n\t\t\t\t<span class=\"elementor-post-date\">\n\t\t\tApril 21, 2025\t\t<\/span>\n\t\t\t\t<\/div>\n\t\t\t\t\t<\/div>\n\t\t<\/article>\n\t\t\t\t<article class=\"elementor-post elementor-grid-item post-12142 post type-post status-publish format-standard has-post-thumbnail hentry category-economia\" role=\"listitem\">\n\t\t\t<div class=\"elementor-post__card\">\n\t\t\t\t<a class=\"elementor-post__thumbnail__link\" href=\"https:\/\/morazan.org\/de\/trump-una-opera-bufa-de-suspenso\/\" tabindex=\"-1\" ><div class=\"elementor-post__thumbnail\"><img loading=\"lazy\" decoding=\"async\" width=\"300\" height=\"200\" src=\"https:\/\/morazan.org\/wp-content\/uploads\/2025\/04\/Trumps-Ruckzieher-300x200.jpg\" class=\"attachment-medium size-medium wp-image-12143\" alt=\"\" srcset=\"https:\/\/morazan.org\/wp-content\/uploads\/2025\/04\/Trumps-Ruckzieher-300x200.jpg 300w, https:\/\/morazan.org\/wp-content\/uploads\/2025\/04\/Trumps-Ruckzieher-18x12.jpg 18w, https:\/\/morazan.org\/wp-content\/uploads\/2025\/04\/Trumps-Ruckzieher.jpg 500w\" sizes=\"(max-width: 300px) 100vw, 300px\" \/><\/div><\/a>\n\t\t\t\t<div class=\"elementor-post__badge\">Wirtschaft<\/div>\n\t\t\t\t<div class=\"elementor-post__text\">\n\t\t\t\t<h3 class=\"elementor-post__title\">\n\t\t\t<a href=\"https:\/\/morazan.org\/de\/trump-una-opera-bufa-de-suspenso\/\" >\n\t\t\t\tTrump: Ein komischer Thriller?\t\t\t<\/a>\n\t\t<\/h3>\n\t\t\t\t<div class=\"elementor-post__excerpt\">\n\t\t\t<p>Neue Nachrichten aus dem Wei\u00dfen Haus in Washington haben die Aktienm\u00e4rkte in New York und weltweit stark beeinflusst. Am vergangenen Mittwoch vollzog Pr\u00e4sident Donald Trump eine drastische Kehrtwende in seiner Zollpolitik und k\u00fcndigte an, die Z\u00f6lle f\u00fcr 90 Tage bzw. drei Monate auszusetzen. Infolgedessen m\u00fcssen nun fast alle Handelspartner zus\u00e4tzlich zu den von Trump verh\u00e4ngten Z\u00f6llen von 25 Prozent auf Autos, Stahl und Aluminium mit einem pauschalen Zoll von 10 Prozent rechnen.<\/p>\n\t\t<\/div>\n\t\t\n\t\t<a class=\"elementor-post__read-more\" href=\"https:\/\/morazan.org\/de\/trump-una-opera-bufa-de-suspenso\/\" aria-label=\"Mehr \u00fcber Trump: \u00bfUna opera bufa de suspenso?\" tabindex=\"-1\" >\n\t\t\tLeer m\u00e1s \u00bb\t\t<\/a>\n\n\t\t\t\t<\/div>\n\t\t\t\t<div class=\"elementor-post__meta-data\">\n\t\t\t\t\t<span class=\"elementor-post-author\">\n\t\t\tPedro Morazan\t\t<\/span>\n\t\t\t\t<span class=\"elementor-post-date\">\n\t\t\tApril 12, 2025\t\t<\/span>\n\t\t\t\t<\/div>\n\t\t\t\t\t<\/div>\n\t\t<\/article>\n\t\t\t\t<\/div>\n\t\t\n\t\t\t\t<div class=\"e-load-more-anchor\" data-page=\"1\" data-max-page=\"17\" data-next-page=\"https:\/\/morazan.org\/de\/wp-json\/wp\/v2\/pages\/327\/page\/2\/\"><\/div>\n\t\t\t\t<nav class=\"elementor-pagination\" aria-label=\"Seitennummerierung\">\n\t\t\t<span aria-current=\"page\" class=\"page-numbers current\"><span class=\"elementor-screen-only\">Seite<\/span>1<\/span>\n<a class=\"page-numbers\" href=\"https:\/\/morazan.org\/de\/wp-json\/wp\/v2\/pages\/327\/page\/2\/\"><span class=\"elementor-screen-only\">Seite<\/span>2<\/a>\n<a class=\"page-numbers\" href=\"https:\/\/morazan.org\/de\/wp-json\/wp\/v2\/pages\/327\/page\/3\/\"><span class=\"elementor-screen-only\">Seite<\/span>3<\/a>\n<a class=\"page-numbers\" href=\"https:\/\/morazan.org\/de\/wp-json\/wp\/v2\/pages\/327\/page\/4\/\"><span class=\"elementor-screen-only\">Seite<\/span>4<\/a>\n<a class=\"page-numbers\" href=\"https:\/\/morazan.org\/de\/wp-json\/wp\/v2\/pages\/327\/page\/5\/\"><span class=\"elementor-screen-only\">Seite<\/span>5<\/a>\n<a class=\"page-numbers\" href=\"https:\/\/morazan.org\/de\/wp-json\/wp\/v2\/pages\/327\/page\/6\/\"><span class=\"elementor-screen-only\">Seite<\/span>6<\/a>\n<a class=\"page-numbers\" href=\"https:\/\/morazan.org\/de\/wp-json\/wp\/v2\/pages\/327\/page\/7\/\"><span class=\"elementor-screen-only\">Seite<\/span>7<\/a>\n<a class=\"page-numbers\" href=\"https:\/\/morazan.org\/de\/wp-json\/wp\/v2\/pages\/327\/page\/8\/\"><span class=\"elementor-screen-only\">Seite<\/span>8<\/a>\n<a class=\"page-numbers\" href=\"https:\/\/morazan.org\/de\/wp-json\/wp\/v2\/pages\/327\/page\/9\/\"><span class=\"elementor-screen-only\">Seite<\/span>9<\/a>\n<a class=\"page-numbers\" href=\"https:\/\/morazan.org\/de\/wp-json\/wp\/v2\/pages\/327\/page\/10\/\"><span class=\"elementor-screen-only\">Seite<\/span>10<\/a>\t\t<\/nav>\n\t\t\t\t\t\t<\/div>\n\t\t\t\t<\/div>\n\t\t\t\t\t<\/div>\n\t\t<\/div>\n\t\t\t\t\t<\/div>\n\t\t<\/section>\n\t\t\t\t<\/div>","protected":false},"excerpt":{"rendered":"","protected":false},"author":1,"featured_media":0,"parent":0,"menu_order":0,"comment_status":"closed","ping_status":"closed","template":"","meta":{"footnotes":""},"class_list":["post-327","page","type-page","status-publish","hentry"],"_links":{"self":[{"href":"https:\/\/morazan.org\/de\/wp-json\/wp\/v2\/pages\/327","targetHints":{"allow":["GET"]}}],"collection":[{"href":"https:\/\/morazan.org\/de\/wp-json\/wp\/v2\/pages"}],"about":[{"href":"https:\/\/morazan.org\/de\/wp-json\/wp\/v2\/types\/page"}],"author":[{"embeddable":true,"href":"https:\/\/morazan.org\/de\/wp-json\/wp\/v2\/users\/1"}],"replies":[{"embeddable":true,"href":"https:\/\/morazan.org\/de\/wp-json\/wp\/v2\/comments?post=327"}],"version-history":[{"count":13,"href":"https:\/\/morazan.org\/de\/wp-json\/wp\/v2\/pages\/327\/revisions"}],"predecessor-version":[{"id":12541,"href":"https:\/\/morazan.org\/de\/wp-json\/wp\/v2\/pages\/327\/revisions\/12541"}],"wp:attachment":[{"href":"https:\/\/morazan.org\/de\/wp-json\/wp\/v2\/media?parent=327"}],"curies":[{"name":"wp","href":"https:\/\/api.w.org\/{rel}","templated":true}]}}