{"id":20,"date":"2022-01-09T11:17:15","date_gmt":"2022-01-09T11:17:15","guid":{"rendered":"https:\/\/morazan.org\/?page_id=20"},"modified":"2022-01-10T15:41:58","modified_gmt":"2022-01-10T15:41:58","slug":"ueber-mich","status":"publish","type":"page","link":"https:\/\/morazan.org\/de\/ueber-mich\/","title":{"rendered":"\u00dcber mich"},"content":{"rendered":"<div data-elementor-type=\"wp-page\" data-elementor-id=\"20\" class=\"elementor elementor-20\" data-elementor-post-type=\"page\">\n\t\t\t\t\t\t<section class=\"elementor-section elementor-top-section elementor-element elementor-element-54ad58c elementor-section-boxed elementor-section-height-default elementor-section-height-default\" data-id=\"54ad58c\" data-element_type=\"section\" data-e-type=\"section\">\n\t\t\t\t\t\t\t<div class=\"elementor-background-overlay\"><\/div>\n\t\t\t\t\t\t\t<div class=\"elementor-container elementor-column-gap-default\">\n\t\t\t\t\t<div class=\"elementor-column elementor-col-50 elementor-top-column elementor-element elementor-element-3dd7e73\" data-id=\"3dd7e73\" data-element_type=\"column\" data-e-type=\"column\" data-settings=\"{&quot;background_background&quot;:&quot;classic&quot;}\">\n\t\t\t<div class=\"elementor-widget-wrap elementor-element-populated\">\n\t\t\t\t\t\t<div class=\"elementor-element elementor-element-153c697 elementor-widget elementor-widget-heading\" data-id=\"153c697\" data-element_type=\"widget\" data-e-type=\"widget\" data-widget_type=\"heading.default\">\n\t\t\t\t<div class=\"elementor-widget-container\">\n\t\t\t\t\t<h2 class=\"elementor-heading-title elementor-size-default\">\u00dcber Mich<\/h2>\t\t\t\t<\/div>\n\t\t\t\t<\/div>\n\t\t\t\t<div class=\"elementor-element elementor-element-da41c11 elementor-widget elementor-widget-text-editor\" data-id=\"da41c11\" data-element_type=\"widget\" data-e-type=\"widget\" data-widget_type=\"text-editor.default\">\n\t\t\t\t<div class=\"elementor-widget-container\">\n\t\t\t\t\t\t\t\t\t<p>Wirtschaftswissenschaftler mit Master-Abschluss in Wirtschaftskybernetik und Statistik an der Akademie f\u00fcr Wirtschaftsstudien Bukarest (ASE) und Promotion an der Universit\u00e4t Bremen. Langj\u00e4hrige Erfahrung als Wirtschaftsberater und Forscher am S\u00dcDWIND-Institut in Deutschland. Im Rahmen meiner Forschungst\u00e4tigkeit verf\u00fcge ich \u00fcber umfangreiche Erfahrungen in der Forschung und Projektevaluierung in mehreren L\u00e4ndern in Afrika, Asien und Lateinamerika.<\/p>\t\t\t\t\t\t\t\t<\/div>\n\t\t\t\t<\/div>\n\t\t\t\t\t<\/div>\n\t\t<\/div>\n\t\t\t\t<div class=\"elementor-column elementor-col-50 elementor-top-column elementor-element elementor-element-0d6a78c\" data-id=\"0d6a78c\" data-element_type=\"column\" data-e-type=\"column\">\n\t\t\t<div class=\"elementor-widget-wrap elementor-element-populated\">\n\t\t\t\t\t\t<div class=\"elementor-element elementor-element-4f9ea89 elementor-widget elementor-widget-image\" data-id=\"4f9ea89\" data-element_type=\"widget\" data-e-type=\"widget\" data-widget_type=\"image.default\">\n\t\t\t\t<div class=\"elementor-widget-container\">\n\t\t\t\t\t\t\t\t\t\t\t\t\t\t\t<img fetchpriority=\"high\" decoding=\"async\" width=\"800\" height=\"600\" src=\"https:\/\/morazan.org\/wp-content\/uploads\/2022\/01\/Paulino-1-1024x768.jpg\" class=\"attachment-large size-large wp-image-227\" alt=\"\" srcset=\"https:\/\/morazan.org\/wp-content\/uploads\/2022\/01\/Paulino-1-1024x768.jpg 1024w, https:\/\/morazan.org\/wp-content\/uploads\/2022\/01\/Paulino-1-300x225.jpg 300w, https:\/\/morazan.org\/wp-content\/uploads\/2022\/01\/Paulino-1-768x576.jpg 768w, https:\/\/morazan.org\/wp-content\/uploads\/2022\/01\/Paulino-1-1536x1152.jpg 1536w, https:\/\/morazan.org\/wp-content\/uploads\/2022\/01\/Paulino-1.jpg 2048w\" sizes=\"(max-width: 800px) 100vw, 800px\" \/>\t\t\t\t\t\t\t\t\t\t\t\t\t\t\t<\/div>\n\t\t\t\t<\/div>\n\t\t\t\t\t<\/div>\n\t\t<\/div>\n\t\t\t\t\t<\/div>\n\t\t<\/section>\n\t\t\t\t<section class=\"elementor-section elementor-top-section elementor-element elementor-element-ed8f6d3 elementor-section-boxed elementor-section-height-default elementor-section-height-default\" data-id=\"ed8f6d3\" data-element_type=\"section\" data-e-type=\"section\">\n\t\t\t\t\t\t<div class=\"elementor-container elementor-column-gap-default\">\n\t\t\t\t\t<div class=\"elementor-column elementor-col-50 elementor-top-column elementor-element elementor-element-fbe4a50\" data-id=\"fbe4a50\" data-element_type=\"column\" data-e-type=\"column\">\n\t\t\t<div class=\"elementor-widget-wrap elementor-element-populated\">\n\t\t\t\t\t\t<div class=\"elementor-element elementor-element-4f0e7d9 elementor-widget elementor-widget-heading\" data-id=\"4f0e7d9\" data-element_type=\"widget\" data-e-type=\"widget\" data-widget_type=\"heading.default\">\n\t\t\t\t<div class=\"elementor-widget-container\">\n\t\t\t\t\t<h2 class=\"elementor-heading-title elementor-size-default\">Offen f\u00fcr neue Herausforderungen<\/h2>\t\t\t\t<\/div>\n\t\t\t\t<\/div>\n\t\t\t\t<div class=\"elementor-element elementor-element-3d52074 elementor-widget elementor-widget-text-editor\" data-id=\"3d52074\" data-element_type=\"widget\" data-e-type=\"widget\" data-widget_type=\"text-editor.default\">\n\t\t\t\t<div class=\"elementor-widget-container\">\n\t\t\t\t\t\t\t\t\t<p>Akademische und Forschungsaktivit\u00e4ten sind nur dann sinnvoll, wenn sie mit der Praxis verbunden sind. Wir alle sind Teil des gro\u00dfen Projekts der Transformation hin zu einer gerechteren und nachhaltigeren Gesellschaft. Wenn Sie an einer Zusammenarbeit interessiert sind, z\u00f6gern Sie bitte nicht, mich zu kontaktieren.<\/p>\t\t\t\t\t\t\t\t<\/div>\n\t\t\t\t<\/div>\n\t\t\t\t\t<\/div>\n\t\t<\/div>\n\t\t\t\t<div class=\"elementor-column elementor-col-50 elementor-top-column elementor-element elementor-element-38fef25\" data-id=\"38fef25\" data-element_type=\"column\" data-e-type=\"column\">\n\t\t\t<div class=\"elementor-widget-wrap elementor-element-populated\">\n\t\t\t\t\t\t<div class=\"elementor-element elementor-element-dde5477 elementor-widget elementor-widget-image\" data-id=\"dde5477\" data-element_type=\"widget\" data-e-type=\"widget\" data-widget_type=\"image.default\">\n\t\t\t\t<div class=\"elementor-widget-container\">\n\t\t\t\t\t\t\t\t\t\t\t\t\t\t\t<img decoding=\"async\" width=\"800\" height=\"534\" src=\"https:\/\/morazan.org\/wp-content\/uploads\/2022\/01\/SeminarioDomRep1-1-1024x683.jpg\" class=\"attachment-large size-large wp-image-226\" alt=\"\" srcset=\"https:\/\/morazan.org\/wp-content\/uploads\/2022\/01\/SeminarioDomRep1-1-1024x683.jpg 1024w, https:\/\/morazan.org\/wp-content\/uploads\/2022\/01\/SeminarioDomRep1-1-300x200.jpg 300w, https:\/\/morazan.org\/wp-content\/uploads\/2022\/01\/SeminarioDomRep1-1-768x512.jpg 768w, https:\/\/morazan.org\/wp-content\/uploads\/2022\/01\/SeminarioDomRep1-1-1536x1024.jpg 1536w, https:\/\/morazan.org\/wp-content\/uploads\/2022\/01\/SeminarioDomRep1-1.jpg 1773w\" sizes=\"(max-width: 800px) 100vw, 800px\" \/>\t\t\t\t\t\t\t\t\t\t\t\t\t\t\t<\/div>\n\t\t\t\t<\/div>\n\t\t\t\t\t<\/div>\n\t\t<\/div>\n\t\t\t\t\t<\/div>\n\t\t<\/section>\n\t\t\t\t<\/div>","protected":false},"excerpt":{"rendered":"<p>Economista con Master en Cibern\u00e9tica Econ\u00f3mica y Estad\u00edstica en la Academia de Estudios Econ\u00f3micos Bucarest y Doctorado en la Universidad de Bremen. Larga experiencia como consultor e investigador econ\u00f3mico en el Insituto S\u00dcDWIND de Alemania. En el marco de las actividades de investigaci\u00f3n poseo una amplia experiencia de investigaci\u00f3n y evaluaci\u00f3n de proyectos en varios [&hellip;]<\/p>\n","protected":false},"author":1,"featured_media":0,"parent":0,"menu_order":0,"comment_status":"closed","ping_status":"closed","template":"","meta":{"footnotes":""},"class_list":["post-20","page","type-page","status-publish","hentry"],"_links":{"self":[{"href":"https:\/\/morazan.org\/de\/wp-json\/wp\/v2\/pages\/20","targetHints":{"allow":["GET"]}}],"collection":[{"href":"https:\/\/morazan.org\/de\/wp-json\/wp\/v2\/pages"}],"about":[{"href":"https:\/\/morazan.org\/de\/wp-json\/wp\/v2\/types\/page"}],"author":[{"embeddable":true,"href":"https:\/\/morazan.org\/de\/wp-json\/wp\/v2\/users\/1"}],"replies":[{"embeddable":true,"href":"https:\/\/morazan.org\/de\/wp-json\/wp\/v2\/comments?post=20"}],"version-history":[{"count":19,"href":"https:\/\/morazan.org\/de\/wp-json\/wp\/v2\/pages\/20\/revisions"}],"predecessor-version":[{"id":417,"href":"https:\/\/morazan.org\/de\/wp-json\/wp\/v2\/pages\/20\/revisions\/417"}],"wp:attachment":[{"href":"https:\/\/morazan.org\/de\/wp-json\/wp\/v2\/media?parent=20"}],"curies":[{"name":"wp","href":"https:\/\/api.w.org\/{rel}","templated":true}]}}